{"id":1118,"date":"2015-01-28T15:03:27","date_gmt":"2015-01-28T14:03:27","guid":{"rendered":"https:\/\/www.asscab.com\/assemblaggi\/privacy\/"},"modified":"2025-10-08T14:26:32","modified_gmt":"2025-10-08T12:26:32","slug":"privacy","status":"publish","type":"page","link":"https:\/\/www.asscab.com\/de\/privacy\/","title":{"rendered":"Privacy"},"content":{"rendered":"<div class=\"wpb-content-wrapper\"><p>[vc_row][vc_column][vc_column_text css=&#8220;&#8220;]<b>Privacy e Cookie Policy<\/b><\/p>\n<p>&nbsp;<\/p>\n<p>Benvenuto sul sito web di ASSCAB S.R.L., presente all\u2019url https:\/\/sifatechnology.com (per brevit\u00e0 di seguito lo chiameremo il \u201c<b>Sito<\/b>\u201d).<\/p>\n<p>ASSCAB S.R.L. \u00e8 cosciente dell\u2019importanza de dati personali dei propri utenti ed intende pertanto informarti e fornirti il massimo controllo possibile sulla gestione delle informazioni di carattere personale raccolte tramite il nostro Sito.<\/p>\n<p>Ti preghiamo di leggere attentamente questa Privacy Policy che si applica ad ogni accesso al Sito.<\/p>\n<p>Questa informativa \u00e8 resa in conformit\u00e0 al Regolamento europeo n. 2016\/679 relativo alla protezione delle persone fisiche con riguardo al trattamento dei dati personali, nonch\u00e9 alla libera circolazione di tali dati (il \u201c<b>Regolamento<\/b>\u201d) nonch\u00e9 al D.lgs. n. 196\/03 come novellato dal D. Lgs. n.101\/18 (il \u201c<b>Codice in materia di Protezione dei Dati Personali<\/b>\u201d) ed ai Provvedimenti dell\u2019Autorit\u00e0 Garante per la Protezione dei Dati Personali (di seguito collettivamente la \u201c<b>Normativa Applicabile<\/b>\u201d). La Normativa Applicabile garantisce che il trattamento dei dati personali si svolga nel rispetto dei diritti e delle libert\u00e0 fondamentali, nonch\u00e9 della dignit\u00e0 dell&#8217;interessato (Tu!), con particolare riferimento alla riservatezza, all&#8217;identit\u00e0 personale e al diritto alla protezione dei dati personali.<\/p>\n<p>Queste informazioni ti riguardano se sei gi\u00e0 un nostro cliente o vuoi diventarlo, se sei registrato al nostro Sito o ti vuoi registrare, se sei iscritto alla nostra newsletter o desideri riceverla, se desideri lavorare con noi oppure se stai semplicemente visitando il nostro Sito e interagendo con esso.<\/p>\n<p>Teniamo molto alla protezione dei tuoi dati personali. Ecco come lo facciamo.<\/p>\n<p>&nbsp;<\/p>\n<p><b>I nostri doveri e la tua privacy<\/b><\/p>\n<p>&nbsp;<\/p>\n<p><b>INDICE<\/b>:<\/p>\n<p>&#8211; Il tuo impegno<\/p>\n<p>&#8211; Chi siamo<\/p>\n<p>&#8211; Quando e come raccogliamo i tuoi dati personali<\/p>\n<p>&#8211; Le tipologia di dati che trattiamo, per quali finalit\u00e0 e quale base giuridica ci consente di farlo<\/p>\n<p>&#8211; Cosa intendiamo per base giuridica<\/p>\n<p>&#8211; Natura obbligatoria o facoltativa del conferimento dei dati<\/p>\n<p>&#8211; Come trattiamo i tuoi dati<\/p>\n<p>&#8211; Categorie di destinatari dei tuoi dati personali<\/p>\n<p>&#8211; I tuoi diritti<\/p>\n<p>&#8211; Per quanto tempo conserveremo i tuoi dati<\/p>\n<p>&#8211; Cookie policy<\/p>\n<p>&nbsp;<\/p>\n<p><b>Il tuo impegno<\/b><\/p>\n<p>Ti chiediamo solo di leggere attentamente questa informativa per essere pienamente informato sulle modalit\u00e0 con cui trattiamo i tuoi dati personali.<\/p>\n<p>&nbsp;<\/p>\n<p><b>Chi siamo<\/b><\/p>\n<p>ASSCAB s.r.l., che ha sede legale in via O.Pigini, 28 &#8211; 60022 Castelfidardo (AN) ed i seguenti recapiti:<\/p>\n<p>Tel: +39 071 7823 767 \/ +39 071 7821 824<\/p>\n<p>Fax: +39 071 7206 615<\/p>\n<p>Email: asscab.info@asscab.com<\/p>\n<p>PEC: asscab@pec.asscab.com<\/p>\n<p>\u00e8\u00a0<b>titolare del trattamento<\/b>\u00a0dei dati personali degli utenti che navigano sul Sito.<\/p>\n<p>&nbsp;<\/p>\n<p><b>Quando e come raccogliamo i tuoi dati personali<\/b><\/p>\n<p>Non appena interagisci con il nostro Sito iniziamo a raccogliere dati. La loro raccolta pu\u00f2 avvenire sia mediante la tua specifica comunicazione, sia con modalit\u00e0 automatica durante l\u2019utilizzo del sito web.<\/p>\n<p>Ecco come avviene la raccolta:<\/p>\n<ul>\n<li>i tuoi dati identificativi, di contatto ed anagrafici: dati che inserisci nel Sito nella pagina in cui \u00e8 presente il modulo contatti;<\/li>\n<li>utilizzo del Sito: dato che ci comunichi e che raccogliamo automaticamente.<\/li>\n<\/ul>\n<p>&nbsp;<\/p>\n<p><b>Le tipologia di dati che trattiamo, per quali finalit\u00e0 e quale base giuridica ci consente di farlo<\/b><\/p>\n<p>Attraverso il Sito vengono raccolti e trattati differenti tipologie di dati personali per diverse finalit\u00e0. Possiamo trattare i tuoi dati solo per determinate finalit\u00e0 e, comunque, sempre in presenza di una base giuridica che ci permetta di farlo.<\/p>\n<p>Pi\u00f9 precisamente possiamo trattare:<\/p>\n<ul>\n<li aria-level=\"1\"><b>Dati di navigazione<\/b><\/li>\n<\/ul>\n<p>Sono dati personali la cui trasmissione \u00e8 implicita nell\u2019uso dei protocolli di comunicazione della rete Internet.<\/p>\n<p>Si tratta d\u2019informazioni che non sono raccolte per essere associate a interessati identificati, ma che per loro stessa natura potrebbero, attraverso elaborazioni ed associazioni con dati detenuti da terzi, permettere di identificare gli utenti. Si tratta ad esempio degli indirizzi IP o dei nomi a dominio dei computer che utilizzi per\u00a0 connetterti al sito, gli indirizzi in notazione URI (<i>Uniform Resource Identifier<\/i>) delle risorse richieste, l\u2019orario della richiesta, il metodo utilizzato nel sottoporre la richiesta al server, la dimensione del file ottenuto in risposta, il codice numerico indicante lo stato della risposta data dal server (buon fine, errore, ecc.) ed altri parametri relativi al sistema operativo e all\u2019ambiente informatico dell\u2019utente.<\/p>\n<p><b>Finalit\u00e0<\/b>: utilizziamo questi dati ai soli fini di consentire il funzionamento del sito, ricavare informazioni statistiche anonime sull\u2019uso del sito per controllarne il corretto funzionamento. I dati potrebbero essere utilizzati per l\u2019accertamento di responsabilit\u00e0 in caso di ipotetici reati informatici ai danni del sito.<\/p>\n<p><b>Base giuridica<\/b>: il trattamento \u00e8 fondato sul legittimo interesse di ASSCAB S.R.L. a garantire il corretto funzionamento in sicurezza del Sito sia dell\u2019utente medesimo a navigare correttamente sul Sito.<\/p>\n<p>Puoi saperne di pi\u00f9 consultando la nostra Cookie Policy.<\/p>\n<p>&nbsp;<\/p>\n<ul>\n<li aria-level=\"1\"><b>Dati personali inseriti nel modulo contatti<\/b><\/li>\n<\/ul>\n<p>Puoi utilizzare il modulo contatti per inviarci la tua richiesta di essere ricontattato per ricevere informazioni di qualsiasi carattere.<\/p>\n<p><b>Finalit\u00e0<\/b>: rispondere alla tua richiesta di informazioni.<\/p>\n<p><b>Base giuridica<\/b>: il legittimo interesse del titolare a rispondere alla tua richiesta.<\/p>\n<p>&nbsp;<\/p>\n<p><b>Cosa intendiamo per base giuridica<\/b><\/p>\n<p><b>L\u2019interesse legittimo<\/b><\/p>\n<p>Il trattamento dei tuoi dati \u00e8 possibile in base ai nostri interessi legittimi o a quelli di terze parti, a patto che gli stessi non prevalgano sui tuoi diritti e le tue libert\u00e0.<\/p>\n<p><b>Natura obbligatoria o facoltativa del conferimento dei dati<\/b><\/p>\n<p>Fatta eccezione per i dati di navigazione (il cui conferimento e la cui raccolta sono regolati pi\u00f9 in dettaglio dalla sezione relativa alla \u201cCookie Policy\u201d della presente pagina), il conferimento a ASSCAB S.R.L. dei dati personali raccolti attraverso il Sito \u00e8 libero, facoltativo ed opzionale. Il mancato conferimento non limita quindi l\u2019utilizzo del Sito, potendo tuttavia rendere impossibile per ASSCAB S.R.L. far fronte alle richieste di informazioni ed ai quesiti, ovvero inviare materiale informativo, aggiornamenti, newsletter ed inviti agli eventi.<\/p>\n<p>A seconda dei casi e, ove necessario, verr\u00e0 di volta in volta indicato il carattere obbligatorio o facoltativo della comunicazione dei dati.<\/p>\n<p>La mancata indicazione di dati personali facoltativi non ti comporter\u00e0 alcun obbligo n\u00e9 alcuno svantaggio.<\/p>\n<p><b>Come trattiamo i tuoi dati<\/b><\/p>\n<p>Il trattamento dei dati avviene con modalit\u00e0 prevalentemente elettroniche.<\/p>\n<p><b>Quale livello di sicurezza adottiamo per trattare i tuoi dati<\/b><\/p>\n<p>Ti garantiamo che il trattamento dei tuoi dati avviene nella massima sicurezza: abbiamo infatti adottato misure fisiche, informatiche e organizzative adeguate ad assicurare la protezione della riservatezza ed integrit\u00e0 dei tuoi dati.<\/p>\n<p><b>Categorie di destinatari dei tuoi dati personali<\/b><\/p>\n<p>ASSCAB S.R.L. comunica i dati personali degli utenti del Sito unicamente entro i limiti consentiti dalla legge e conformemente a quanto qui di seguito indicato. In particolare i tuoi dati personali potranno essere conosciuti da:<\/p>\n<ul>\n<li aria-level=\"1\">dipendenti e collaboratori, i quali opereranno in qualit\u00e0 di soggetti autorizzati al trattamento per l\u2019organizzazione interna delle attivit\u00e0 aziendali;<\/li>\n<li aria-level=\"1\">\u00a0societ\u00e0 che svolgono per ASSCAB S.R.L., in qualit\u00e0 di responsabili del trattamento dei dati, specifici servizi tecnici ed organizzativi connessi alle attivit\u00e0 del Sito.<\/li>\n<\/ul>\n<p>Condividiamo i tuoi dati con loro, sempre nei limiti delle finalit\u00e0 per le quali li abbiamo raccolti, solo quando \u00e8 strettamente necessario per assicurare la massima funzionalit\u00e0 dei nostri servizi e in conformit\u00e0 con le misure di sicurezza e le buone pratiche descritte nella presente Privacy Policy.<\/p>\n<p>I tuoi dati personali potranno inoltre essere conosciuti da:<\/p>\n<ul>\n<li aria-level=\"1\">soggetti terzi, come ad esempio l\u2019istituto di credito per l&#8217;esecuzione dei servizi di pagamento elettronico a distanza mediante carta di credito\/debito,, consulenti fiscali, contabili, amministrativi, avvocati e commercialisti;<\/li>\n<li aria-level=\"1\">forze di polizia o dall&#8217;autorit\u00e0 giudiziaria, in conformit\u00e0 alla legge e previa richiesta formale da parte di tali soggetti, oppure nel caso in cui vi siano fondate ragioni per ritenere che la comunicazione di tali dati sia ragionevolmente necessaria per (1) investigare, prevenire o assumere iniziative relative a sospette attivit\u00e0 illecite o assistere le autorit\u00e0 statali di controllo e di vigilanza; (2) difendersi contro qualsiasi reclamo o accusa da parte di terzi, o proteggere la sicurezza del proprio sito web e dell\u2019azienda; ovvero (3) esercitare o proteggere i diritti, la propriet\u00e0 o la sicurezza di ASSCAB S.R.L., delle societ\u00e0 del medesimo gruppo, dei suoi affiliati, dei suoi clienti, dei suoi dipendenti o di qualsiasi altro soggetto.<\/li>\n<\/ul>\n<p>I tuoi dati non verranno in alcun modo diffusi e non verranno trasferiti fuori dall\u2019Europa.<\/p>\n<p>Ti assicuriamo che ASSCAB S.R.L. seleziona le sue collaborazioni con i migliori soggetti presenti sul mercato che prestano questo tipo servizi.<\/p>\n<p><b>Per quanto tempo conserveremo i tuoi dati<\/b><\/p>\n<p>Quando \u00e8 richiesto dagli obblighi di legge (es. fatture di vendita), ci impongono di conservare i tuoi dati per un tempo massimo di 10 anni.<\/p>\n<p>Infine non conserviamo i tuoi dati personali quando li comunichi nei form di contatto se non per il tempo strettamente necessario a soddisfare la tua richiesta.<\/p>\n<p><b>I tuoi diritti<\/b><\/p>\n<p>Puoi sempre esercitare i tuoi diritti contattandoci a tutti i nostri recapiti.<\/p>\n<p>Potremmo aver bisogno, in conformit\u00e0 alla Normativa Applicabile, alcune informazioni specifiche che ci aiutino a confermare la tua identit\u00e0 ed assicurarci che sia tu ad agire, ad accedere ad i tuoi dati o ad esercitare gli altri diritti che ti sono riconosciuti. Si tratta di una misura di sicurezza per garantire che i tuoi dati personali non siano comunicati o comunque resi accessibili a persone che non hanno il diritto di riceverli. Potremmo anche aver necessit\u00e0 di informazioni dettagliate per gestire rapidamente la tua richiesta, per cui potremmo inviarti un modulo da compilare.<\/p>\n<p><b>Hai il diritto di accedere alle informazioni che ti riguardano<\/b><\/p>\n<p>Ci\u00f2 comporta il diritto di chiederci ulteriori informazioni riguardo a:<\/p>\n<ul>\n<li>le categorie di dati che trattiamo;<\/li>\n<li>le finalit\u00e0 del trattamento;<\/li>\n<li>le categorie di eventuali destinatari a cui i dati potrebbero essere comunicati;<\/li>\n<li>il periodo di conservazione dei dati o, in mancanza, i criteri per determinare tale periodo;<\/li>\n<li>gli altri diritti riguardanti l\u2019utilizzo dei tuoi dati.<\/li>\n<\/ul>\n<p>Ti forniremo le informazioni entro 30 giorni dalla tua richiesta, a meno che ci\u00f2 non pregiudichi i diritti e le libert\u00e0 di altri soggetti (ad esempio la riservatezza di un&#8217;altra persona o i diritti di propriet\u00e0 intellettuale) oppure qualora vi siano obblighi di legge che ce lo impediscano o altri motivi giustificati. T\u2019informeremo in anticipo nel caso in cui non riuscissimo a soddisfare la tua richiesta in tempo per tali ragioni.<\/p>\n<p><b>Hai il diritto di ottenere la correzione dei tuoi dati, se inesatti o\u00a0non aggiornati<\/b><\/p>\n<p><b>Hai il diritto di ottenere la cancellazione dei tuoi dati personali (diritto all\u2019oblio)<\/b><\/p>\n<p>Potrai, in ogni momento, chiederci di cancellare i tuoi dati personali in nostro possesso, nel caso in cui la conservazione dei tuoi dati personali non fosse pi\u00f9 necessaria per le finalit\u00e0 del trattamento.<\/p>\n<p><b>Hai il diritto di &#8222;riprenderti&#8220; i tuoi dati o di trasferirli ad un altro operatore (Portabilit\u00e0 dei dati)<\/b><\/p>\n<p>Nel caso in cui il trattamento dei tuoi dati \u00e8 fondato sul tuo consenso o sul contratto di vendita, hai il diritto di ricevere i tuoi dati in formato interoperabile o di richiedere che vengano direttamente\u00a0trasferiti ad un altro operatore. In caso di tua richiesta e se tecnicamente possibile, provvederemo a trasferire direttamente i dati al nuovo operatore. Non procederemo ad alcun trasferimento, nel caso in cui la portabilit\u00e0 dei tuoi dati comporti anche la diffusione dei dati personali di altri individui.<\/p>\n<p><b>Hai il diritto di opporti al trattamento dei tuoi dati personali da noi effettuato (quando \u00e8 basato sul legittimo interesse)<\/b><\/p>\n<p>Puoi sempre rivolgerti all\u2019Autorit\u00e0 di controllo per proporre i tuoi eventuali reclami. Prima di fare ci\u00f2, contattaci pure! Saremo lieti di risolvere tutti gli eventuali problemi relativi al trattamento dei tuoi dati personali.<\/p>\n<p><b>Hai il diritto di opporti all\u2019utilizzo dei tuoi dati mediante decisioni automatizzate, compresa la profilazione<\/b><\/p>\n<p>Non svolgiamo processi decisionali automatizzati sulla base di tuoi dati personali, quindi questo diritto non dovrai esercitarlo.<\/p>\n<p>&nbsp;<\/p>\n<p><b>Cookie Policy<\/b><\/p>\n<p>I cookie sono piccoli file di testo che i siti visitati dall\u2019utente inviano al Suo terminale (solitamente al browser), dove vengono memorizzati per essere poi ritrasmessi dagli stessi siti alla successiva visita del medesimo utente. Questi cookie si possono dividere in c.d. \u201ccookie tecnici\u201d, strettamente connessi con le funzionalit\u00e0 del sito che li invia, che vengono usati, ad esempio, per eseguire autenticazioni informatiche, monitoraggio di sessioni e memorizzazione di informazioni specifiche riguardanti gli utenti che accedono al server, ma anche in c.d. \u201ccookie di profilazione\u201d, utilizzati per creare profili relativi all\u2019utente al fine di inviare messaggi pubblicitari in linea con le preferenze manifestate dallo stesso nell\u2019ambito della navigazione sulla rete Internet. Nel corso della navigazione su un sito, infine, l\u2019utente pu\u00f2 ricevere sul suo terminale anche cookie di siti o di web server diversi (c.d. cookie di \u201cterze parti\u201d). Ci\u00f2 accade perch\u00e9 sul sito visitato possono essere presenti elementi come, ad esempio, immagini, mappe, suoni, specifici link a pagine web di altri domini, che risiedono su server diversi da quello sul quale si trova la pagina richiesta. In altre parole, i cookie di \u201cterze parti\u201d sono quei cookie che vengono impostati da un sito web diverso da quello che si sta attualmente visitando. Di seguito, pertanto, vengono specificate le tipologie di cookie utilizzate da questo sito ed eventualmente le modalit\u00e0 corrette affinch\u00e9 Tu possa agevolmente scegliere se e come iTuoi dati personali verranno trattati attraverso questo genere di tecnologie.<\/p>\n<p><b>Cookie tecnici<\/b><\/p>\n<p>Questo sito utilizza i cosiddetti \u201ccookie tecnici\u201d, ovvero piccoli file di testo contenenti una certa quantit\u00e0 di informazioni scambiate tra il sito web ed il tuo terminale (o meglio il browser del tuo terminale), che permettono il corretto funzionamento e la fruizione dello stesso. I cookie tecnici, ad esempio, vengono utilizzati per la funzionalit\u00e0 di accesso al tuo account personale.<\/p>\n<p><b>Cookie analitici<\/b><\/p>\n<p>Questo sito utilizza i cosiddetti \u201ccookie analitici\u201d realizzati e messi a disposizione da terze parti, in particolare quelli di Google Analytics. Ci\u00f2 avviene per mere analisi statistiche interne di accesso, per migliorare il sito e semplificarne l\u2019utilizzo, oltre che per monitorarne il corretto funzionamento. Il Titolare del trattamento ha comunque adottato gli strumenti pi\u00f9 idonei per ridurre al massimo il potere identificativo di questo genere di cookie. Google Analytics pubblica qui la sua policy sui cookie. L\u2019utente pu\u00f2 disabilitare in modo selettivo l\u2019azione di Google Analytics installando sul proprio browser la componente di opt-out fornita da Google. Per saperne di pi\u00f9 o per disabilitare l\u2019azione di Google Analytics, si rinvia al seguente link. https:\/\/policies.google.com\/technologies\/partner-sites?hl=it<\/p>\n<p>&nbsp;<\/p>\n<p><b>Opzioni circa l\u2019uso dei cookie da parte del sito mediante le impostazioni del browser<\/b><\/p>\n<p>L\u2019erogazione di tutti i cookie \u00e8 comunque disattivabile intervenendo sulle impostazioni del Suo browser. \u00c8 opportuno evidenziare, tuttavia, come intervenire su queste impostazioni potrebbe rendere inutilizzabile il sito nel caso in cui si bloccassero i cookie indispensabili per l\u2019erogazione dei nostri Servizi. Ad ogni modo, ogni browser dispone di impostazioni diverse per la disattivazione dei cookie.<\/p>\n<p>&nbsp;<\/p>\n<p>Grazie per aver letto quest\u2019informativa che abbiamo cercato di rendere chiara e trasparente. Ad\u00a0 ogni modo,\u00a0 nel caso tu avessi dei suggerimenti contattaci pure.<\/p>\n<p>Questa informativa potr\u00e0 cambiare in futuro, ti preghiamo quindi di ricontrollarla periodicamente!<\/p>\n<p>&nbsp;<\/p>\n<p>Ultimo aggiornamento Ottobre, 2025<\/p>\n<p>[\/vc_column_text][\/vc_column][\/vc_row]<\/p>\n<\/div>","protected":false},"excerpt":{"rendered":"<p>[vc_row][vc_column][vc_column_text css=&#8220;&#8220;]Privacy e Cookie Policy &nbsp; Benvenuto sul sito web di ASSCAB S.R.L., presente all\u2019url https:\/\/sifatechnology.com (per brevit\u00e0 di seguito lo chiameremo il \u201cSito\u201d). ASSCAB S.R.L. \u00e8 cosciente dell\u2019importanza de dati personali dei propri utenti ed intende pertanto informarti e fornirti il massimo controllo possibile sulla gestione delle informazioni di carattere personale raccolte tramite il&hellip;<\/p>\n","protected":false},"author":1,"featured_media":0,"parent":0,"menu_order":0,"comment_status":"closed","ping_status":"closed","template":"","meta":{"footnotes":""},"class_list":["post-1118","page","type-page","status-publish","hentry","description-off"],"yoast_head":"<!-- This site is optimized with the Yoast SEO plugin v26.5 - https:\/\/yoast.com\/wordpress\/plugins\/seo\/ -->\n<title>Privacy | ASSCAB<\/title>\n<meta name=\"description\" content=\"Leggi l\u2019Informativa sulla Privacy ASSCAB.\" \/>\n<meta name=\"robots\" content=\"index, follow, max-snippet:-1, max-image-preview:large, max-video-preview:-1\" \/>\n<link rel=\"canonical\" href=\"https:\/\/www.asscab.com\/de\/privacy\/\" \/>\n<meta property=\"og:locale\" content=\"de_DE\" \/>\n<meta property=\"og:type\" content=\"article\" \/>\n<meta property=\"og:title\" content=\"Privacy | ASSCAB\" \/>\n<meta property=\"og:description\" content=\"Leggi l\u2019Informativa sulla Privacy ASSCAB.\" \/>\n<meta property=\"og:url\" content=\"https:\/\/www.asscab.com\/de\/privacy\/\" \/>\n<meta property=\"og:site_name\" content=\"Asscab | Leader nel cablaggio e assemblaggio\" \/>\n<meta property=\"article:modified_time\" content=\"2025-10-08T12:26:32+00:00\" \/>\n<meta name=\"twitter:card\" content=\"summary_large_image\" \/>\n<meta name=\"twitter:label1\" content=\"Gesch\u00e4tzte Lesezeit\" \/>\n\t<meta name=\"twitter:data1\" content=\"12\u00a0Minuten\" \/>\n<script type=\"application\/ld+json\" class=\"yoast-schema-graph\">{\"@context\":\"https:\/\/schema.org\",\"@graph\":[{\"@type\":\"WebPage\",\"@id\":\"https:\/\/www.asscab.com\/de\/privacy\/\",\"url\":\"https:\/\/www.asscab.com\/de\/privacy\/\",\"name\":\"Privacy | ASSCAB\",\"isPartOf\":{\"@id\":\"https:\/\/www.asscab.com\/#website\"},\"datePublished\":\"2015-01-28T14:03:27+00:00\",\"dateModified\":\"2025-10-08T12:26:32+00:00\",\"description\":\"Leggi l\u2019Informativa sulla Privacy ASSCAB.\",\"breadcrumb\":{\"@id\":\"https:\/\/www.asscab.com\/de\/privacy\/#breadcrumb\"},\"inLanguage\":\"de\",\"potentialAction\":[{\"@type\":\"ReadAction\",\"target\":[\"https:\/\/www.asscab.com\/de\/privacy\/\"]}]},{\"@type\":\"BreadcrumbList\",\"@id\":\"https:\/\/www.asscab.com\/de\/privacy\/#breadcrumb\",\"itemListElement\":[{\"@type\":\"ListItem\",\"position\":1,\"name\":\"Home\",\"item\":\"https:\/\/www.asscab.com\/de\/\"},{\"@type\":\"ListItem\",\"position\":2,\"name\":\"Privacy\"}]},{\"@type\":\"WebSite\",\"@id\":\"https:\/\/www.asscab.com\/#website\",\"url\":\"https:\/\/www.asscab.com\/\",\"name\":\"Asscab | Leader nel cablaggio e assemblaggio\",\"description\":\"\",\"potentialAction\":[{\"@type\":\"SearchAction\",\"target\":{\"@type\":\"EntryPoint\",\"urlTemplate\":\"https:\/\/www.asscab.com\/?s={search_term_string}\"},\"query-input\":{\"@type\":\"PropertyValueSpecification\",\"valueRequired\":true,\"valueName\":\"search_term_string\"}}],\"inLanguage\":\"de\"}]}<\/script>\n<!-- \/ Yoast SEO plugin. -->","yoast_head_json":{"title":"Privacy | ASSCAB","description":"Leggi l\u2019Informativa sulla Privacy ASSCAB.","robots":{"index":"index","follow":"follow","max-snippet":"max-snippet:-1","max-image-preview":"max-image-preview:large","max-video-preview":"max-video-preview:-1"},"canonical":"https:\/\/www.asscab.com\/de\/privacy\/","og_locale":"de_DE","og_type":"article","og_title":"Privacy | ASSCAB","og_description":"Leggi l\u2019Informativa sulla Privacy ASSCAB.","og_url":"https:\/\/www.asscab.com\/de\/privacy\/","og_site_name":"Asscab | Leader nel cablaggio e assemblaggio","article_modified_time":"2025-10-08T12:26:32+00:00","twitter_card":"summary_large_image","twitter_misc":{"Gesch\u00e4tzte Lesezeit":"12\u00a0Minuten"},"schema":{"@context":"https:\/\/schema.org","@graph":[{"@type":"WebPage","@id":"https:\/\/www.asscab.com\/de\/privacy\/","url":"https:\/\/www.asscab.com\/de\/privacy\/","name":"Privacy | ASSCAB","isPartOf":{"@id":"https:\/\/www.asscab.com\/#website"},"datePublished":"2015-01-28T14:03:27+00:00","dateModified":"2025-10-08T12:26:32+00:00","description":"Leggi l\u2019Informativa sulla Privacy ASSCAB.","breadcrumb":{"@id":"https:\/\/www.asscab.com\/de\/privacy\/#breadcrumb"},"inLanguage":"de","potentialAction":[{"@type":"ReadAction","target":["https:\/\/www.asscab.com\/de\/privacy\/"]}]},{"@type":"BreadcrumbList","@id":"https:\/\/www.asscab.com\/de\/privacy\/#breadcrumb","itemListElement":[{"@type":"ListItem","position":1,"name":"Home","item":"https:\/\/www.asscab.com\/de\/"},{"@type":"ListItem","position":2,"name":"Privacy"}]},{"@type":"WebSite","@id":"https:\/\/www.asscab.com\/#website","url":"https:\/\/www.asscab.com\/","name":"Asscab | Leader nel cablaggio e assemblaggio","description":"","potentialAction":[{"@type":"SearchAction","target":{"@type":"EntryPoint","urlTemplate":"https:\/\/www.asscab.com\/?s={search_term_string}"},"query-input":{"@type":"PropertyValueSpecification","valueRequired":true,"valueName":"search_term_string"}}],"inLanguage":"de"}]}},"_links":{"self":[{"href":"https:\/\/www.asscab.com\/de\/wp-json\/wp\/v2\/pages\/1118","targetHints":{"allow":["GET"]}}],"collection":[{"href":"https:\/\/www.asscab.com\/de\/wp-json\/wp\/v2\/pages"}],"about":[{"href":"https:\/\/www.asscab.com\/de\/wp-json\/wp\/v2\/types\/page"}],"author":[{"embeddable":true,"href":"https:\/\/www.asscab.com\/de\/wp-json\/wp\/v2\/users\/1"}],"replies":[{"embeddable":true,"href":"https:\/\/www.asscab.com\/de\/wp-json\/wp\/v2\/comments?post=1118"}],"version-history":[{"count":7,"href":"https:\/\/www.asscab.com\/de\/wp-json\/wp\/v2\/pages\/1118\/revisions"}],"predecessor-version":[{"id":3343,"href":"https:\/\/www.asscab.com\/de\/wp-json\/wp\/v2\/pages\/1118\/revisions\/3343"}],"wp:attachment":[{"href":"https:\/\/www.asscab.com\/de\/wp-json\/wp\/v2\/media?parent=1118"}],"curies":[{"name":"wp","href":"https:\/\/api.w.org\/{rel}","templated":true}]}}