{"id":802,"date":"2014-12-10T14:43:04","date_gmt":"2014-12-10T13:43:04","guid":{"rendered":"http:\/\/www.asscab.com\/azienda-di-assemblaggio-2\/"},"modified":"2018-07-09T14:14:18","modified_gmt":"2018-07-09T12:14:18","slug":"azienda-di-assemblaggio","status":"publish","type":"page","link":"https:\/\/www.asscab.com\/de\/azienda-di-assemblaggio\/","title":{"rendered":"Das Unternehmen"},"content":{"rendered":"<div class=\"wpb-content-wrapper\"><p>[vc_row][vc_column][vc_raw_html]JTNDaDMlMjBzdHlsZSUzRCUyMnRleHQtYWxpZ24lM0ElMjBjZW50ZXIlM0IlMjIlM0VEQVMlMjBVTlRFUk5FSE1FTiUzQyUyRmgzJTNFJTBBJTNDaDQlM0VVbnNlcmUlMjBVbnRlcm5laG1lbnNnZXNjaGljaHRlJTIwc3QlQzMlQkN0enQlMjBzaWNoJTIwYXVmJTIwUHJvZmVzc2lvbmFsaXQlQzMlQTR0JTIwdW5kJTIwZGllJTIwUXVhbGl0JUMzJUE0dCUyMHVuc2VyZXIlMjBQcm9kdWt0ZS4lMjBFbnRkZWNrZW4lMjBTaWUlMjB3ZWl0ZXJlJTIwSW5mb3MlMjAlQzMlQkNiZXIlMjBBU1NDQUIlMjB1bmQlMjBkaWUlMjBaZXJ0aWZpemllcnVuZ2VuJTIwZGVzJTIwVW50ZXJuZWhtZW5zLiUzQyUyRmg0JTNFJTBBJTNDZGl2JTIwY2xhc3MlM0QlMjJsaW5lYUdpYWxsYSUyMiUzRSUzQyUyRmRpdiUzRQ==[\/vc_raw_html][vc_column_text]<img decoding=\"async\" class=\"alignnone size-full wp-image-770\" src=\"https:\/\/www.asscab.com\/assemblaggi\/wp-content\/uploads\/2015\/04\/asscab_leader_cablaggi.jpg\" alt=\"\" width=\"100%\" \/>[\/vc_column_text][vc_empty_space height=&#8220;20px&#8220;][\/vc_column][\/vc_row][vc_row][vc_column width=&#8220;1\/2&#8243;][vc_column_text]<strong>ASSCAB<\/strong> arbeitet seit 1995 erfolgreich im Sektor der <strong>Industrie elektronik <\/strong>und gilt als Experte f\u00fcr jede Art von Verkabelung.<\/p>\n<p>Das Unternehmen hat sich seit seiner Gr\u00fcndung nach und nach auf neue Fachbereiche erweitert: 2005 das Eisenbahnwesen, 2008 Easy Moving und Beleuchtung, 2010 Fotovoltaik.<\/p>\n<p>Dank der <strong>professionellen<\/strong> Organisation und hohen <strong>Qualit\u00e4t der Produkte<\/strong> hat das Unternehmen im Laufe der Zeit immer wichtigere, einschneidende M\u00e4rkte erobert, sodass es heute in diesem Sektor eine f\u00fchrende Marktposition verzeichnen kann.<\/p>\n<p>Das Qualit\u00e4tsmanagementsystem von <strong>ASSCAB<\/strong> wurde nach durchgreifenden organisatorischen und <strong>qualitativen Ma\u00dfnahmen zur Optimierung<\/strong> der Unternehmensstruktur im Jahre 2002 zertifiziert und ist heute im Sinne der neuen Normen UNI EN ISO in ein System mit dem Sicherheitsmanagement und der UL-Zertifizierung gem\u00e4\u00df den Sicherheitsvorschriften f\u00fcr die Belieferung nordamerikanischer M\u00e4rkte integriert.<\/p>\n<p><strong>ASSCAB<\/strong> ist dynamisch ausgelegt, entwickelt sich weiter und greift den Bed\u00fcrfnissen des Marktes vor, sodass das Unternehmen mit den Anforderungen seiner Kunden Schritt h\u00e4lt.[\/vc_column_text][vc_column_text]<em>&#8222;Der Kern der Organisationsstruktur von ASSCAB besteht aus jungen und jung gebliebenen Mitarbeitern mit fundierten Kenntnissen, die unsere Kunden stets prompt betreuen und begleiten \u2013 ob bei der Kommunikation oder jeder Art von Anfrage. Das Unternehmen verf\u00fcgt \u00fcber einen qualifizierten technischen Kundenservice, der jedem Bed\u00fcrfnis nachkommt und die internen Produktionsprozesse unterst\u00fctzt.&#8220;<\/em>[\/vc_column_text][\/vc_column][vc_column width=&#8220;1\/2&#8243;][vc_single_image image=&#8220;2763&#8243; img_size=&#8220;full&#8220;]<div class=\"dt-shortcode with-isotope\"><div class=\"wf-container dt-albums-shortcode loading-effect-none iso-container description-under-image content-align-left\" data-padding=\"0px\" data-cur-page=\"1\" data-posts-per-page=\"-1\" data-width=\"370px\" data-columns=\"2\">\n<div class=\"wf-cell iso-item\" data-post-id=\"2814\" data-date=\"2018-07-09T14:32:33+02:00\" data-name=\"Video DE\">\n<article class=\"post post-2814 dt_gallery type-dt_gallery status-publish has-post-thumbnail hentry dt_gallery_category-video-de dt_gallery_category-60\">\n\n\t<div class=\"project-list-media\">\n\t<figure class=\"buttons-on-img\">\n\t\t<a href=\"https:\/\/www.youtube.com\/watch?v=PRLJ5zjuuwA\" class=\"rollover rollover-zoom rollover-click-target dt-gallery-pswp\"   aria-label=\"Gallery image\" title=\"video-asscab-5\"><img loading=\"lazy\" decoding=\"async\" src=\"https:\/\/www.asscab.com\/assemblaggi\/wp-content\/uploads\/2018\/07\/video-asscab-5-555x325.jpg\" srcset=\"https:\/\/www.asscab.com\/assemblaggi\/wp-content\/uploads\/2018\/07\/video-asscab-5-555x325.jpg 555w, https:\/\/www.asscab.com\/assemblaggi\/wp-content\/uploads\/2018\/07\/video-asscab-5-1110x650.jpg 1110w\" style=\"--ratio: 555 \/ 325\" sizes=\"auto, (max-width: 555px) 100vw, 555px\" class=\"preload-me aspect\" alt=\"\" title=\"video-asscab-5\" width=\"555\" height=\"325\"  \/><\/a><div class=\"dt-gallery-container dt-album\"><a href=\"https:\/\/www.youtube.com\/watch?v=PRLJ5zjuuwA\" title=\"video-asscab-5\" class=\"pswp-video dt-pswp-item\" data-large_image_width=\"1281\" data-large_image_height = \"749\" data-dt-img-description=\"\" data-dt-location=\"https:\/\/www.asscab.com\/de\/dt_gallery\/video-de\/video-asscab\/\"  aria-label=\"Gallery image\"><\/a><\/div>\t\t\t<\/figure>\n<\/div>\n<div class=\"project-list-content\">\n\t<\/div>\n<\/article>\n\n<\/div><\/div><\/div>[\/vc_column][\/vc_row][vc_row][vc_column]<div class=\"templatera_shortcode\"><div class=\"vc_row wpb_row vc_row-fluid\"><div class=\"wpb_column vc_column_container vc_col-sm-12\"><div class=\"vc_column-inner\"><div class=\"wpb_wrapper\"><div class=\"vc_empty_space\"   style=\"height: 20px\"><span class=\"vc_empty_space_inner\"><\/span><\/div><\/div><\/div><\/div><\/div><div data-vc-full-width=\"true\" data-vc-full-width-temp=\"true\" data-vc-full-width-init=\"false\" data-vc-stretch-content=\"true\" data-vc-parallax=\"1.5\" data-vc-parallax-image=\"https:\/\/www.asscab.com\/assemblaggi\/wp-content\/uploads\/2018\/05\/ASSCAB_foto-call-action.jpg\" class=\"vc_row wpb_row vc_row-fluid vc_row-has-fill vc_row-o-content-middle vc_row-flex vc_general vc_parallax vc_parallax-content-moving\"><div class=\"wpb_column vc_column_container vc_col-sm-12\"><div class=\"vc_column-inner\"><div class=\"wpb_wrapper\">\n\t<div class=\"wpb_raw_code wpb_raw_html wpb_content_element\" >\n\t\t<div class=\"wpb_wrapper\">\n\t\t\t<div class=\"call\">\n<h5>GRATIS-KOSTENVORANSCHLAG ANFORDERN <a href=\"https:\/\/www.asscab.com\/de\/contatti\">KONTAKT<\/a><\/h5>\n<\/div>\n\t\t<\/div>\n\t<\/div>\n<\/div><\/div><\/div><\/div><div class=\"vc_row-full-width vc_clearfix\"><\/div>\r\n<\/div>[\/vc_column][\/vc_row]<\/p>\n<\/div>","protected":false},"excerpt":{"rendered":"<p>DAS UNTERNEHMEN Unsere Unternehmensgeschichte st\u00fctzt sich auf Professionalit\u00e4t und die Qualit\u00e4t unserer Produkte. Entdecken Sie weitere Infos \u00fcber ASSCAB und die Zertifizierungen des Unternehmens. ASSCAB arbeitet seit 1995 erfolgreich im Sektor der Industrie elektronik und gilt als Experte f\u00fcr jede Art von Verkabelung. Das Unternehmen hat sich seit seiner Gr\u00fcndung nach und nach auf neue&hellip;<\/p>\n","protected":false},"author":1,"featured_media":0,"parent":0,"menu_order":0,"comment_status":"closed","ping_status":"closed","template":"","meta":{"footnotes":""},"class_list":["post-802","page","type-page","status-publish","hentry","description-off"],"yoast_head":"<!-- This site is optimized with the Yoast SEO plugin v26.5 - https:\/\/yoast.com\/wordpress\/plugins\/seo\/ -->\n<title>Das Unternehmen - Asscab | Leader nel cablaggio e assemblaggio<\/title>\n<meta name=\"robots\" content=\"index, follow, max-snippet:-1, max-image-preview:large, max-video-preview:-1\" \/>\n<link rel=\"canonical\" href=\"https:\/\/www.asscab.com\/de\/azienda-di-assemblaggio\/\" \/>\n<meta property=\"og:locale\" content=\"de_DE\" \/>\n<meta property=\"og:type\" content=\"article\" \/>\n<meta property=\"og:title\" content=\"Das Unternehmen - Asscab | Leader nel cablaggio e assemblaggio\" \/>\n<meta property=\"og:url\" content=\"https:\/\/www.asscab.com\/de\/azienda-di-assemblaggio\/\" \/>\n<meta property=\"og:site_name\" content=\"Asscab | Leader nel cablaggio e assemblaggio\" \/>\n<meta property=\"article:modified_time\" content=\"2018-07-09T12:14:18+00:00\" \/>\n<meta property=\"og:image\" content=\"https:\/\/www.asscab.com\/assemblaggi\/wp-content\/uploads\/2015\/04\/asscab_leader_cablaggi.jpg\" \/>\n<meta name=\"twitter:card\" content=\"summary_large_image\" \/>\n<meta name=\"twitter:label1\" content=\"Gesch\u00e4tzte Lesezeit\" \/>\n\t<meta name=\"twitter:data1\" content=\"2\u00a0Minuten\" \/>\n<script type=\"application\/ld+json\" class=\"yoast-schema-graph\">{\"@context\":\"https:\/\/schema.org\",\"@graph\":[{\"@type\":\"WebPage\",\"@id\":\"https:\/\/www.asscab.com\/de\/azienda-di-assemblaggio\/\",\"url\":\"https:\/\/www.asscab.com\/de\/azienda-di-assemblaggio\/\",\"name\":\"Das Unternehmen - Asscab | Leader nel cablaggio e assemblaggio\",\"isPartOf\":{\"@id\":\"https:\/\/www.asscab.com\/#website\"},\"primaryImageOfPage\":{\"@id\":\"https:\/\/www.asscab.com\/de\/azienda-di-assemblaggio\/#primaryimage\"},\"image\":{\"@id\":\"https:\/\/www.asscab.com\/de\/azienda-di-assemblaggio\/#primaryimage\"},\"thumbnailUrl\":\"https:\/\/www.asscab.com\/assemblaggi\/wp-content\/uploads\/2015\/04\/asscab_leader_cablaggi.jpg\",\"datePublished\":\"2014-12-10T13:43:04+00:00\",\"dateModified\":\"2018-07-09T12:14:18+00:00\",\"breadcrumb\":{\"@id\":\"https:\/\/www.asscab.com\/de\/azienda-di-assemblaggio\/#breadcrumb\"},\"inLanguage\":\"de\",\"potentialAction\":[{\"@type\":\"ReadAction\",\"target\":[\"https:\/\/www.asscab.com\/de\/azienda-di-assemblaggio\/\"]}]},{\"@type\":\"ImageObject\",\"inLanguage\":\"de\",\"@id\":\"https:\/\/www.asscab.com\/de\/azienda-di-assemblaggio\/#primaryimage\",\"url\":\"https:\/\/www.asscab.com\/assemblaggi\/wp-content\/uploads\/2015\/04\/asscab_leader_cablaggi.jpg\",\"contentUrl\":\"https:\/\/www.asscab.com\/assemblaggi\/wp-content\/uploads\/2015\/04\/asscab_leader_cablaggi.jpg\"},{\"@type\":\"BreadcrumbList\",\"@id\":\"https:\/\/www.asscab.com\/de\/azienda-di-assemblaggio\/#breadcrumb\",\"itemListElement\":[{\"@type\":\"ListItem\",\"position\":1,\"name\":\"Home\",\"item\":\"https:\/\/www.asscab.com\/de\/\"},{\"@type\":\"ListItem\",\"position\":2,\"name\":\"Das Unternehmen\"}]},{\"@type\":\"WebSite\",\"@id\":\"https:\/\/www.asscab.com\/#website\",\"url\":\"https:\/\/www.asscab.com\/\",\"name\":\"Asscab | Leader nel cablaggio e assemblaggio\",\"description\":\"\",\"potentialAction\":[{\"@type\":\"SearchAction\",\"target\":{\"@type\":\"EntryPoint\",\"urlTemplate\":\"https:\/\/www.asscab.com\/?s={search_term_string}\"},\"query-input\":{\"@type\":\"PropertyValueSpecification\",\"valueRequired\":true,\"valueName\":\"search_term_string\"}}],\"inLanguage\":\"de\"}]}<\/script>\n<!-- \/ Yoast SEO plugin. -->","yoast_head_json":{"title":"Das Unternehmen - Asscab | Leader nel cablaggio e assemblaggio","robots":{"index":"index","follow":"follow","max-snippet":"max-snippet:-1","max-image-preview":"max-image-preview:large","max-video-preview":"max-video-preview:-1"},"canonical":"https:\/\/www.asscab.com\/de\/azienda-di-assemblaggio\/","og_locale":"de_DE","og_type":"article","og_title":"Das Unternehmen - Asscab | Leader nel cablaggio e assemblaggio","og_url":"https:\/\/www.asscab.com\/de\/azienda-di-assemblaggio\/","og_site_name":"Asscab | Leader nel cablaggio e assemblaggio","article_modified_time":"2018-07-09T12:14:18+00:00","og_image":[{"url":"https:\/\/www.asscab.com\/assemblaggi\/wp-content\/uploads\/2015\/04\/asscab_leader_cablaggi.jpg","type":"","width":"","height":""}],"twitter_card":"summary_large_image","twitter_misc":{"Gesch\u00e4tzte Lesezeit":"2\u00a0Minuten"},"schema":{"@context":"https:\/\/schema.org","@graph":[{"@type":"WebPage","@id":"https:\/\/www.asscab.com\/de\/azienda-di-assemblaggio\/","url":"https:\/\/www.asscab.com\/de\/azienda-di-assemblaggio\/","name":"Das Unternehmen - Asscab | Leader nel cablaggio e assemblaggio","isPartOf":{"@id":"https:\/\/www.asscab.com\/#website"},"primaryImageOfPage":{"@id":"https:\/\/www.asscab.com\/de\/azienda-di-assemblaggio\/#primaryimage"},"image":{"@id":"https:\/\/www.asscab.com\/de\/azienda-di-assemblaggio\/#primaryimage"},"thumbnailUrl":"https:\/\/www.asscab.com\/assemblaggi\/wp-content\/uploads\/2015\/04\/asscab_leader_cablaggi.jpg","datePublished":"2014-12-10T13:43:04+00:00","dateModified":"2018-07-09T12:14:18+00:00","breadcrumb":{"@id":"https:\/\/www.asscab.com\/de\/azienda-di-assemblaggio\/#breadcrumb"},"inLanguage":"de","potentialAction":[{"@type":"ReadAction","target":["https:\/\/www.asscab.com\/de\/azienda-di-assemblaggio\/"]}]},{"@type":"ImageObject","inLanguage":"de","@id":"https:\/\/www.asscab.com\/de\/azienda-di-assemblaggio\/#primaryimage","url":"https:\/\/www.asscab.com\/assemblaggi\/wp-content\/uploads\/2015\/04\/asscab_leader_cablaggi.jpg","contentUrl":"https:\/\/www.asscab.com\/assemblaggi\/wp-content\/uploads\/2015\/04\/asscab_leader_cablaggi.jpg"},{"@type":"BreadcrumbList","@id":"https:\/\/www.asscab.com\/de\/azienda-di-assemblaggio\/#breadcrumb","itemListElement":[{"@type":"ListItem","position":1,"name":"Home","item":"https:\/\/www.asscab.com\/de\/"},{"@type":"ListItem","position":2,"name":"Das Unternehmen"}]},{"@type":"WebSite","@id":"https:\/\/www.asscab.com\/#website","url":"https:\/\/www.asscab.com\/","name":"Asscab | Leader nel cablaggio e assemblaggio","description":"","potentialAction":[{"@type":"SearchAction","target":{"@type":"EntryPoint","urlTemplate":"https:\/\/www.asscab.com\/?s={search_term_string}"},"query-input":{"@type":"PropertyValueSpecification","valueRequired":true,"valueName":"search_term_string"}}],"inLanguage":"de"}]}},"_links":{"self":[{"href":"https:\/\/www.asscab.com\/de\/wp-json\/wp\/v2\/pages\/802","targetHints":{"allow":["GET"]}}],"collection":[{"href":"https:\/\/www.asscab.com\/de\/wp-json\/wp\/v2\/pages"}],"about":[{"href":"https:\/\/www.asscab.com\/de\/wp-json\/wp\/v2\/types\/page"}],"author":[{"embeddable":true,"href":"https:\/\/www.asscab.com\/de\/wp-json\/wp\/v2\/users\/1"}],"replies":[{"embeddable":true,"href":"https:\/\/www.asscab.com\/de\/wp-json\/wp\/v2\/comments?post=802"}],"version-history":[{"count":15,"href":"https:\/\/www.asscab.com\/de\/wp-json\/wp\/v2\/pages\/802\/revisions"}],"predecessor-version":[{"id":2795,"href":"https:\/\/www.asscab.com\/de\/wp-json\/wp\/v2\/pages\/802\/revisions\/2795"}],"wp:attachment":[{"href":"https:\/\/www.asscab.com\/de\/wp-json\/wp\/v2\/media?parent=802"}],"curies":[{"name":"wp","href":"https:\/\/api.w.org\/{rel}","templated":true}]}}