{"id":2681,"date":"2014-05-10T10:24:27","date_gmt":"2014-05-10T10:24:27","guid":{"rendered":"https:\/\/www.asscab.com\/home\/"},"modified":"2018-07-02T16:33:19","modified_gmt":"2018-07-02T14:33:19","slug":"home","status":"publish","type":"page","link":"https:\/\/www.asscab.com\/fr\/","title":{"rendered":"home"},"content":{"rendered":"<div class=\"wpb-content-wrapper\"><p>[vc_row el_class=\u00a0\u00bbhome4&Prime;][vc_column][vc_raw_html]JTNDaDMlMjBzdHlsZSUzRCUyMnRleHQtYWxpZ24lM0ElMjBjZW50ZXIlM0IlMjIlM0VBU1NFTUJMQUdFUyUyMEVUJTIwQyVDMyU4MkJMQUdFUyUyMERFJTIwUVVBTElUJUMzJTg5JTIwUE9VUiUyMEwlRTIlODAlOTklQzMlODlMRUNUUk9OSVFVRSUyMElORFVTVFJJRUxMRSUzQyUyRmgzJTNFJTBBJTNDaDQlM0VVbiUyMHBhcmMlMjBkZSUyMHYlQzMlQTloaWN1bGVzJTIwJUMzJUEwJTIwbCVFMiU4MCU5OWF2YW50LWdhcmRlJTIwZXQlMjB1bmUlMjBmbGV4aWJpbGl0JUMzJUE5JTIwdG90YWxlJTIwZGUlMjBsYSUyMHByb2R1Y3Rpb24lMjBwZXJtZXR0ZW50JTIwJUMzJUEwJTIwJTNDZW0lM0VBU1NDQUIlM0MlMkZlbSUzRSUyMGRlJTIwciVDMyVBOWFsaXNlciUyMGRlcyUyMCUzQ3N0cm9uZyUzRWFzc2VtYmxhZ2VzJTNDJTJGc3Ryb25nJTNFJTIwZXQlMjBkZXMlMjAlM0NzdHJvbmclM0VjJUMzJUEyYmxhZ2VzJTIwaW5kdXN0cmllbHMlM0MlMkZzdHJvbmclM0UlMjBwb3VyJTIwdG91dCUyMGJlc29pbi4lMjBDb250YWN0ZXotbm91cyUyMHBvdXIlMjB1biUyMERldmlzJTIwR3JhdHVpdCUyMGV0JTIwc3VyJTIwTWVzdXJlJTIxJTNDJTJGaDQlM0UlMEElM0NkaXYlMjBjbGFzcyUzRCUyMmxpbmVhR2lhbGxhJTIyJTNFJTNDJTJGZGl2JTNF[\/vc_raw_html][vc_row_inner][vc_column_inner width=\u00a0\u00bb1\/4&Prime;][vc_raw_html]JTNDYSUyMGhyZWYlM0QlMjJhemllbmRhLWRpLWFzc2VtYmxhZ2dpbyUyRiUyMiUzRSUzQ2FydGljbGUlMjBjbGFzcyUzRCUyMnBvc3QlMjBwb3N0LTk0MyUyMGR0X2dhbGxlcnklMjB0eXBlLWR0X2dhbGxlcnklMjBzdGF0dXMtcHVibGlzaCUyMGhlbnRyeSUyMGR0X2dhbGxlcnlfY2F0ZWdvcnktc2V0dG9yaSUyMGR0X2dhbGxlcnlfY2F0ZWdvcnktMjYlMjB0ZXh0LWNlbnRlcmVkJTIyJTNFJTBBJTBBJTA5JTNDZmlndXJlJTIwY2xhc3MlM0QlMjJyb2xsb3Zlci1wcm9qZWN0JTIwbGlua3MtaG92ZXJzLWRpc2FibGVkJTIwcGhvdG9zd2lwZS1pdGVtJTIwdGhpcy1yZWFkeSUyMiUzRSUwQSUwOSUzQ2ltZyUyMHNyYyUzRCUyMmh0dHBzJTNBJTJGJTJGd3d3LmFzc2NhYi5jb20lMkZhc3NlbWJsYWdnaSUyRndwLWNvbnRlbnQlMkZ1cGxvYWRzJTJGMjAxOCUyRjA1JTJGQVNTQ0FCX2F6aWVuZGEuanBnJTIyJTIwY2xhc3MlM0QlMjJpc28tbGF6eS1sb2FkJTIwcHJlbG9hZC1tZSUyMGhlaWdodC1yZWFkeSUyMGlzby1sYXl6ci1sb2FkZWQlMjIlMjBhbHQlM0QlMjIlMjIlMjB0aXRsZSUzRCUyMkNvbm5lc3Npb25lJTIwU3RhZ25hJTIweCUyMENvbnRyb2xsbyUyMEx1Y2klMjIlMjAlMkYlM0UlM0NmaWdjYXB0aW9uJTIwY2xhc3MlM0QlMjJyb2xsb3Zlci1jb250ZW50JTIwY2xpY2stcmVhZHklMjIlM0UlMEElMDklMDklMDklMDklMDklMDklM0NkaXYlMjBjbGFzcyUzRCUyMnJvbGxvdmVyLWNvbnRlbnQtY29udGFpbmVyJTIyJTNFJTBBJTA5JTA5JTA5JTNDaDMlMjBjbGFzcyUzRCUyMmVudHJ5LXRpdGxlJTIyJTNFRU5UUkVQUklTRSUzQyUyRmgzJTNFJTA5JTA5JTNDJTJGZGl2JTNFJTBBJTA5JTA5JTA5JTA5JTA5JTNDJTJGZmlnY2FwdGlvbiUzRSUwQSUwOSUzQyUyRmZpZ3VyZSUzRSUwQSUzQyUyRmFydGljbGUlM0UlM0MlMkZhJTNF[\/vc_raw_html][\/vc_column_inner][vc_column_inner width=\u00a0\u00bb1\/4&Prime;][vc_raw_html]JTNDYSUyMGhyZWYlM0QlMjJwcm9kb3R0aS1lLXNlcnZpemklMkYlMjIlM0UlM0NhcnRpY2xlJTIwY2xhc3MlM0QlMjJwb3N0JTIwcG9zdC05NDMlMjBkdF9nYWxsZXJ5JTIwdHlwZS1kdF9nYWxsZXJ5JTIwc3RhdHVzLXB1Ymxpc2glMjBoZW50cnklMjBkdF9nYWxsZXJ5X2NhdGVnb3J5LXNldHRvcmklMjBkdF9nYWxsZXJ5X2NhdGVnb3J5LTI2JTIwdGV4dC1jZW50ZXJlZCUyMiUzRSUwQSUwQSUwOSUzQ2ZpZ3VyZSUyMGNsYXNzJTNEJTIycm9sbG92ZXItcHJvamVjdCUyMGxpbmtzLWhvdmVycy1kaXNhYmxlZCUyMHBob3Rvc3dpcGUtaXRlbSUyMHRoaXMtcmVhZHklMjIlM0UlMEElMDklM0NpbWclMjBzcmMlM0QlMjJodHRwcyUzQSUyRiUyRnd3dy5hc3NjYWIuY29tJTJGYXNzZW1ibGFnZ2klMkZ3cC1jb250ZW50JTJGdXBsb2FkcyUyRjIwMTglMkYwNSUyRnNldHRvcmkuanBnJTIyJTIwY2xhc3MlM0QlMjJpc28tbGF6eS1sb2FkJTIwcHJlbG9hZC1tZSUyMGhlaWdodC1yZWFkeSUyMGlzby1sYXl6ci1sb2FkZWQlMjIlMjBhbHQlM0QlMjIlMjIlMjB0aXRsZSUzRCUyMkNvbm5lc3Npb25lJTIwU3RhZ25hJTIweCUyMENvbnRyb2xsbyUyMEx1Y2klMjIlMjAlMkYlM0UlM0NmaWdjYXB0aW9uJTIwY2xhc3MlM0QlMjJyb2xsb3Zlci1jb250ZW50JTIwY2xpY2stcmVhZHklMjIlM0UlMEElMDklMDklMDklMDklMDklMDklM0NkaXYlMjBjbGFzcyUzRCUyMnJvbGxvdmVyLWNvbnRlbnQtY29udGFpbmVyJTIyJTNFJTBBJTA5JTA5JTA5JTNDaDMlMjBjbGFzcyUzRCUyMmVudHJ5LXRpdGxlJTIyJTNFU0VDVEVVUlMlM0MlMkZoMyUzRSUwOSUwOSUzQyUyRmRpdiUzRSUwQSUwOSUwOSUwOSUwOSUwOSUzQyUyRmZpZ2NhcHRpb24lM0UlMEElMDklM0MlMkZmaWd1cmUlM0UlMEElM0MlMkZhcnRpY2xlJTNFJTNDJTJGYSUzRQ==[\/vc_raw_html][\/vc_column_inner][vc_column_inner width=\u00a0\u00bb1\/4&Prime;][vc_raw_html]JTNDYSUyMGhyZWYlM0QlMjJ0ZWNub2xvZ2lhJTJGJTIyJTNFJTNDYXJ0aWNsZSUyMGNsYXNzJTNEJTIycG9zdCUyMHBvc3QtOTQzJTIwZHRfZ2FsbGVyeSUyMHR5cGUtZHRfZ2FsbGVyeSUyMHN0YXR1cy1wdWJsaXNoJTIwaGVudHJ5JTIwZHRfZ2FsbGVyeV9jYXRlZ29yeS1zZXR0b3JpJTIwZHRfZ2FsbGVyeV9jYXRlZ29yeS0yNiUyMHRleHQtY2VudGVyZWQlMjIlM0UlMEElMEElMDklM0NmaWd1cmUlMjBjbGFzcyUzRCUyMnJvbGxvdmVyLXByb2plY3QlMjBsaW5rcy1ob3ZlcnMtZGlzYWJsZWQlMjBwaG90b3N3aXBlLWl0ZW0lMjB0aGlzLXJlYWR5JTIyJTNFJTBBJTA5JTNDaW1nJTIwc3JjJTNEJTIyaHR0cHMlM0ElMkYlMkZ3d3cuYXNzY2FiLmNvbSUyRmFzc2VtYmxhZ2dpJTJGd3AtY29udGVudCUyRnVwbG9hZHMlMkYyMDE4JTJGMDUlMkZ0ZWNub2xvZ2lhLmpwZyUyMiUyMGNsYXNzJTNEJTIyaXNvLWxhenktbG9hZCUyMHByZWxvYWQtbWUlMjBoZWlnaHQtcmVhZHklMjBpc28tbGF5enItbG9hZGVkJTIyJTIwYWx0JTNEJTIyJTIyJTIwdGl0bGUlM0QlMjJDb25uZXNzaW9uZSUyMFN0YWduYSUyMHglMjBDb250cm9sbG8lMjBMdWNpJTIyJTIwJTJGJTNFJTNDZmlnY2FwdGlvbiUyMGNsYXNzJTNEJTIycm9sbG92ZXItY29udGVudCUyMGNsaWNrLXJlYWR5JTIyJTNFJTBBJTA5JTA5JTA5JTA5JTA5JTA5JTNDZGl2JTIwY2xhc3MlM0QlMjJyb2xsb3Zlci1jb250ZW50LWNvbnRhaW5lciUyMiUzRSUwQSUwOSUwOSUwOSUzQ2gzJTIwY2xhc3MlM0QlMjJlbnRyeS10aXRsZSUyMiUzRVRFQ0hOT0xPR0lFJTNDJTJGaDMlM0UlMDklMDklM0MlMkZkaXYlM0UlMEElMDklMDklMDklMDklMDklM0MlMkZmaWdjYXB0aW9uJTNFJTBBJTA5JTNDJTJGZmlndXJlJTNFJTBBJTNDJTJGYXJ0aWNsZSUzRSUzQyUyRmElM0U=[\/vc_raw_html][\/vc_column_inner][vc_column_inner width=\u00a0\u00bb1\/4&Prime;][vc_raw_html]JTNDYSUyMGhyZWYlM0QlMjJjb250YXR0aSUyRiUyMiUzRSUzQ2FydGljbGUlMjBjbGFzcyUzRCUyMnBvc3QlMjBwb3N0LTk0MyUyMGR0X2dhbGxlcnklMjB0eXBlLWR0X2dhbGxlcnklMjBzdGF0dXMtcHVibGlzaCUyMGhlbnRyeSUyMGR0X2dhbGxlcnlfY2F0ZWdvcnktc2V0dG9yaSUyMGR0X2dhbGxlcnlfY2F0ZWdvcnktMjYlMjB0ZXh0LWNlbnRlcmVkJTIyJTNFJTBBJTBBJTA5JTNDZmlndXJlJTIwY2xhc3MlM0QlMjJyb2xsb3Zlci1wcm9qZWN0JTIwbGlua3MtaG92ZXJzLWRpc2FibGVkJTIwcGhvdG9zd2lwZS1pdGVtJTIwdGhpcy1yZWFkeSUyMiUzRSUwQSUwOSUzQ2ltZyUyMHNyYyUzRCUyMmh0dHBzJTNBJTJGJTJGd3d3LmFzc2NhYi5jb20lMkZhc3NlbWJsYWdnaSUyRndwLWNvbnRlbnQlMkZ1cGxvYWRzJTJGMjAxOCUyRjA1JTJGYXNzY2FiLWNhc3RlbGZpZGFyZG8uanBnJTIyJTIwY2xhc3MlM0QlMjJpc28tbGF6eS1sb2FkJTIwcHJlbG9hZC1tZSUyMGhlaWdodC1yZWFkeSUyMGlzby1sYXl6ci1sb2FkZWQlMjIlMjBhbHQlM0QlMjIlMjIlMjB0aXRsZSUzRCUyMkNvbm5lc3Npb25lJTIwU3RhZ25hJTIweCUyMENvbnRyb2xsbyUyMEx1Y2klMjIlMjAlMkYlM0UlM0NmaWdjYXB0aW9uJTIwY2xhc3MlM0QlMjJyb2xsb3Zlci1jb250ZW50JTIwY2xpY2stcmVhZHklMjIlM0UlMEElMDklMDklMDklMDklMDklMDklM0NkaXYlMjBjbGFzcyUzRCUyMnJvbGxvdmVyLWNvbnRlbnQtY29udGFpbmVyJTIyJTNFJTBBJTA5JTA5JTA5JTNDaDMlMjBjbGFzcyUzRCUyMmVudHJ5LXRpdGxlJTIyJTNFQ09OVEFDVFMlM0MlMkZoMyUzRSUwOSUwOSUzQyUyRmRpdiUzRSUwQSUwOSUwOSUwOSUwOSUwOSUzQyUyRmZpZ2NhcHRpb24lM0UlMEElMDklM0MlMkZmaWd1cmUlM0UlMEElM0MlMkZhcnRpY2xlJTNFJTNDJTJGYSUzRQ==[\/vc_raw_html][\/vc_column_inner][\/vc_row_inner][\/vc_column][\/vc_row][vc_row][vc_column]<div class=\"templatera_shortcode\"><div class=\"vc_row wpb_row vc_row-fluid\"><div class=\"wpb_column vc_column_container vc_col-sm-12\"><div class=\"vc_column-inner\"><div class=\"wpb_wrapper\"><div class=\"vc_empty_space\"   style=\"height: 20px\"><span class=\"vc_empty_space_inner\"><\/span><\/div><\/div><\/div><\/div><\/div><div data-vc-full-width=\"true\" data-vc-full-width-temp=\"true\" data-vc-full-width-init=\"false\" data-vc-stretch-content=\"true\" data-vc-parallax=\"1.5\" data-vc-parallax-image=\"https:\/\/www.asscab.com\/assemblaggi\/wp-content\/uploads\/2018\/05\/ASSCAB_foto-call-action.jpg\" class=\"vc_row wpb_row vc_row-fluid vc_row-has-fill vc_row-o-content-middle vc_row-flex vc_general vc_parallax vc_parallax-content-moving\"><div class=\"wpb_column vc_column_container vc_col-sm-12\"><div class=\"vc_column-inner\"><div class=\"wpb_wrapper\">\n\t<div class=\"wpb_raw_code wpb_raw_html wpb_content_element\" >\n\t\t<div class=\"wpb_wrapper\">\n\t\t\t<div class=\"call\">\n<h5>DEMANDEZ GRATUITEMENT UN DEVIS  <a href=\"https:\/\/www.asscab.com\/fr\/contatti\">CONTACTEZ-NOUS<\/a><\/h5>\n<\/div>\n\t\t<\/div>\n\t<\/div>\n<\/div><\/div><\/div><\/div><div class=\"vc_row-full-width vc_clearfix\"><\/div>\r\n<\/div>[\/vc_column][\/vc_row]<\/p>\n<\/div>","protected":false},"excerpt":{"rendered":"<p>ASSEMBLAGES ET C\u00c2BLAGES DE QUALIT\u00c9 POUR L\u2019\u00c9LECTRONIQUE INDUSTRIELLE Un parc de v\u00e9hicules \u00e0 l\u2019avant-garde et une flexibilit\u00e9 totale de la production permettent \u00e0 ASSCAB de r\u00e9aliser des assemblages et des c\u00e2blages industriels pour tout besoin. Contactez-nous pour un Devis Gratuit et sur Mesure! ENTREPRISE SECTEURS TECHNOLOGIE CONTACTS DEMANDEZ GRATUITEMENT UN DEVIS CONTACTEZ-NOUS<\/p>\n","protected":false},"author":1,"featured_media":0,"parent":0,"menu_order":0,"comment_status":"closed","ping_status":"closed","template":"","meta":{"footnotes":""},"class_list":["post-2681","page","type-page","status-publish","hentry","description-off"],"yoast_head":"<!-- This site is optimized with the Yoast SEO plugin v26.5 - https:\/\/yoast.com\/wordpress\/plugins\/seo\/ -->\n<title>Home | ASSCAB<\/title>\n<meta name=\"description\" content=\"Dal 1995, Cablaggi e Assemblaggi Industriali per ogni Esigenza. Scopri quello che possiamo realizzare per te e richiedi un Preventivo Gratuito\" \/>\n<meta name=\"robots\" content=\"index, follow, max-snippet:-1, max-image-preview:large, max-video-preview:-1\" \/>\n<link rel=\"canonical\" href=\"https:\/\/www.asscab.com\/fr\/\" \/>\n<meta property=\"og:locale\" content=\"fr_FR\" \/>\n<meta property=\"og:type\" content=\"article\" \/>\n<meta property=\"og:title\" content=\"Home | ASSCAB\" \/>\n<meta property=\"og:description\" content=\"Dal 1995, Cablaggi e Assemblaggi Industriali per ogni Esigenza. Scopri quello che possiamo realizzare per te e richiedi un Preventivo Gratuito\" \/>\n<meta property=\"og:url\" content=\"https:\/\/www.asscab.com\/fr\/\" \/>\n<meta property=\"og:site_name\" content=\"Asscab | Leader nel cablaggio e assemblaggio\" \/>\n<meta property=\"article:modified_time\" content=\"2018-07-02T14:33:19+00:00\" \/>\n<meta name=\"twitter:card\" content=\"summary_large_image\" \/>\n<meta name=\"twitter:label1\" content=\"Dur\u00e9e de lecture estim\u00e9e\" \/>\n\t<meta name=\"twitter:data1\" content=\"3 minutes\" \/>\n<script type=\"application\/ld+json\" class=\"yoast-schema-graph\">{\"@context\":\"https:\/\/schema.org\",\"@graph\":[{\"@type\":\"WebPage\",\"@id\":\"https:\/\/www.asscab.com\/fr\/\",\"url\":\"https:\/\/www.asscab.com\/fr\/\",\"name\":\"Home | ASSCAB\",\"isPartOf\":{\"@id\":\"https:\/\/www.asscab.com\/#website\"},\"datePublished\":\"2014-05-10T10:24:27+00:00\",\"dateModified\":\"2018-07-02T14:33:19+00:00\",\"description\":\"Dal 1995, Cablaggi e Assemblaggi Industriali per ogni Esigenza. Scopri quello che possiamo realizzare per te e richiedi un Preventivo Gratuito\",\"breadcrumb\":{\"@id\":\"https:\/\/www.asscab.com\/fr\/#breadcrumb\"},\"inLanguage\":\"fr-FR\",\"potentialAction\":[{\"@type\":\"ReadAction\",\"target\":[\"https:\/\/www.asscab.com\/fr\/\"]}]},{\"@type\":\"BreadcrumbList\",\"@id\":\"https:\/\/www.asscab.com\/fr\/#breadcrumb\",\"itemListElement\":[{\"@type\":\"ListItem\",\"position\":1,\"name\":\"Home\",\"item\":\"https:\/\/www.asscab.com\/fr\/\"},{\"@type\":\"ListItem\",\"position\":2,\"name\":\"home\"}]},{\"@type\":\"WebSite\",\"@id\":\"https:\/\/www.asscab.com\/#website\",\"url\":\"https:\/\/www.asscab.com\/\",\"name\":\"Asscab | Leader nel cablaggio e assemblaggio\",\"description\":\"\",\"potentialAction\":[{\"@type\":\"SearchAction\",\"target\":{\"@type\":\"EntryPoint\",\"urlTemplate\":\"https:\/\/www.asscab.com\/?s={search_term_string}\"},\"query-input\":{\"@type\":\"PropertyValueSpecification\",\"valueRequired\":true,\"valueName\":\"search_term_string\"}}],\"inLanguage\":\"fr-FR\"}]}<\/script>\n<!-- \/ Yoast SEO plugin. -->","yoast_head_json":{"title":"Home | ASSCAB","description":"Dal 1995, Cablaggi e Assemblaggi Industriali per ogni Esigenza. Scopri quello che possiamo realizzare per te e richiedi un Preventivo Gratuito","robots":{"index":"index","follow":"follow","max-snippet":"max-snippet:-1","max-image-preview":"max-image-preview:large","max-video-preview":"max-video-preview:-1"},"canonical":"https:\/\/www.asscab.com\/fr\/","og_locale":"fr_FR","og_type":"article","og_title":"Home | ASSCAB","og_description":"Dal 1995, Cablaggi e Assemblaggi Industriali per ogni Esigenza. Scopri quello che possiamo realizzare per te e richiedi un Preventivo Gratuito","og_url":"https:\/\/www.asscab.com\/fr\/","og_site_name":"Asscab | Leader nel cablaggio e assemblaggio","article_modified_time":"2018-07-02T14:33:19+00:00","twitter_card":"summary_large_image","twitter_misc":{"Dur\u00e9e de lecture estim\u00e9e":"3 minutes"},"schema":{"@context":"https:\/\/schema.org","@graph":[{"@type":"WebPage","@id":"https:\/\/www.asscab.com\/fr\/","url":"https:\/\/www.asscab.com\/fr\/","name":"Home | ASSCAB","isPartOf":{"@id":"https:\/\/www.asscab.com\/#website"},"datePublished":"2014-05-10T10:24:27+00:00","dateModified":"2018-07-02T14:33:19+00:00","description":"Dal 1995, Cablaggi e Assemblaggi Industriali per ogni Esigenza. Scopri quello che possiamo realizzare per te e richiedi un Preventivo Gratuito","breadcrumb":{"@id":"https:\/\/www.asscab.com\/fr\/#breadcrumb"},"inLanguage":"fr-FR","potentialAction":[{"@type":"ReadAction","target":["https:\/\/www.asscab.com\/fr\/"]}]},{"@type":"BreadcrumbList","@id":"https:\/\/www.asscab.com\/fr\/#breadcrumb","itemListElement":[{"@type":"ListItem","position":1,"name":"Home","item":"https:\/\/www.asscab.com\/fr\/"},{"@type":"ListItem","position":2,"name":"home"}]},{"@type":"WebSite","@id":"https:\/\/www.asscab.com\/#website","url":"https:\/\/www.asscab.com\/","name":"Asscab | Leader nel cablaggio e assemblaggio","description":"","potentialAction":[{"@type":"SearchAction","target":{"@type":"EntryPoint","urlTemplate":"https:\/\/www.asscab.com\/?s={search_term_string}"},"query-input":{"@type":"PropertyValueSpecification","valueRequired":true,"valueName":"search_term_string"}}],"inLanguage":"fr-FR"}]}},"_links":{"self":[{"href":"https:\/\/www.asscab.com\/fr\/wp-json\/wp\/v2\/pages\/2681","targetHints":{"allow":["GET"]}}],"collection":[{"href":"https:\/\/www.asscab.com\/fr\/wp-json\/wp\/v2\/pages"}],"about":[{"href":"https:\/\/www.asscab.com\/fr\/wp-json\/wp\/v2\/types\/page"}],"author":[{"embeddable":true,"href":"https:\/\/www.asscab.com\/fr\/wp-json\/wp\/v2\/users\/1"}],"replies":[{"embeddable":true,"href":"https:\/\/www.asscab.com\/fr\/wp-json\/wp\/v2\/comments?post=2681"}],"version-history":[{"count":3,"href":"https:\/\/www.asscab.com\/fr\/wp-json\/wp\/v2\/pages\/2681\/revisions"}],"predecessor-version":[{"id":2682,"href":"https:\/\/www.asscab.com\/fr\/wp-json\/wp\/v2\/pages\/2681\/revisions\/2682"}],"wp:attachment":[{"href":"https:\/\/www.asscab.com\/fr\/wp-json\/wp\/v2\/media?parent=2681"}],"curies":[{"name":"wp","href":"https:\/\/api.w.org\/{rel}","templated":true}]}}