{"id":2686,"date":"2014-12-10T14:43:04","date_gmt":"2014-12-10T13:43:04","guid":{"rendered":"https:\/\/www.asscab.com\/azienda-di-assemblaggio\/"},"modified":"2018-07-09T14:27:36","modified_gmt":"2018-07-09T12:27:36","slug":"azienda-di-assemblaggio","status":"publish","type":"page","link":"https:\/\/www.asscab.com\/fr\/azienda-di-assemblaggio\/","title":{"rendered":"ENTREPRISE"},"content":{"rendered":"<div class=\"wpb-content-wrapper\"><p>[vc_row][vc_column][vc_raw_html]JTNDaDMlMjBzdHlsZSUzRCUyMnRleHQtYWxpZ24lM0ElMjBjZW50ZXIlM0IlMjIlM0VMJTI3RU5UUkVQUklTRSUzQyUyRmgzJTNFJTBBJTNDaDQlM0VMJUUyJTgwJTk5aGlzdG9pcmUlMjBkZSUyMGwlRTIlODAlOTllbnRyZXByaXNlJTIwcyVFMiU4MCU5OWFwcHVpZSUyMHN1ciUyMGxlJTIwcHJvZmVzc2lvbm5hbGlzbWUlMjBldCUyMGxhJTIwcXVhbGl0JUMzJUE5JTIwZGVzJTIwcHJvZHVpdHMuJTIwRCVDMyVBOWNvdXZyZXolMjBkYXZhbnRhZ2UlMjBzdXIlMjBBU1NDQUIlMjBldCUyMHN1ciUyMGxlcyUyMGNlcnRpZmljYXRpb25zJTIwb2J0ZW51ZXMlMjElM0MlMkZoNCUzRSUwQSUzQ2RpdiUyMGNsYXNzJTNEJTIybGluZWFHaWFsbGElMjIlM0UlM0MlMkZkaXYlM0U=[\/vc_raw_html][vc_column_text]<img decoding=\"async\" class=\"alignnone size-full wp-image-770\" src=\"https:\/\/www.asscab.com\/assemblaggi\/wp-content\/uploads\/2015\/04\/asscab_leader_cablaggi.jpg\" alt=\"\" width=\"100%\" \/>[\/vc_column_text][vc_empty_space height=\u00a0\u00bb20px\u00a0\u00bb][\/vc_column][\/vc_row][vc_row][vc_column width=\u00a0\u00bb1\/2&Prime;][vc_column_text]Fond\u00e9e en 1995, <strong>ASSCAB<\/strong> travaille avec succ\u00e8s dans le secteur de <strong>l\u2019\u00e9lectronique industrielle<\/strong> et est sp\u00e9cialis\u00e9e dans la <strong>r\u00e9alisation de c\u00e2blages<\/strong> de tout type.<\/p>\n<p>En 2005 elle agrandit ses activit\u00e9s au secteur ferroviaire, en 2008 \u00e0 l\u2019easy moving et \u00e0 l\u2019illumination, en 2010 au photovolta\u00efque.<\/p>\n<p>Le <strong>professionnalisme<\/strong> de son organisation et la <strong>qualit\u00e9 des produits<\/strong> r\u00e9alis\u00e9s ont permis \u00e0 l\u2019entreprise de gagner dans le temps des march\u00e9s de plus en plus importants et valorisants ; pour cela, elle est devenue l\u2019entreprise leader dans son secteur.<\/p>\n<p>En <strong>2002<\/strong>, apr\u00e8s avoir atteint l\u2019objectif pr\u00e9fix\u00e9 d\u2019am\u00e9liorer la structure organisationnelle et la qualit\u00e9, <strong>ASSCAB<\/strong> a obtenu la <strong>Certification de son Syst\u00e8me de Qualit\u00e9<\/strong>, qui est aujourd\u2019hui en ligne avec les nouvelles Normes UNI EN ISO dans un syst\u00e8me int\u00e9gr\u00e9 \u00e0 la gestion du syst\u00e8me de s\u00e9curit\u00e9, en plus de la <strong>Certification UL<\/strong> en conformit\u00e9 avec les normes de s\u00e9curit\u00e9 pour l\u2019exportation vers le march\u00e9 nord-am\u00e9ricain.<\/p>\n<p>Aujourd\u2019hui <strong>ASSCAB<\/strong> continue <strong>d\u2019\u00e9voluer<\/strong> et de poursuivre les exigences de son march\u00e9, visant toujours \u00e0 satisfaire les demandes de ses clients.[\/vc_column_text][vc_column_text]<em>\u00ab\u00a0Une organisation tr\u00e8s jeune et comp\u00e9tente du point de vue professionnel, repr\u00e9sentant la charni\u00e8re de la structure organisationnelle de l\u2019ASSCAB, est toujours pr\u00eate \u00e0 recevoir et g\u00e9rer les requ\u00eates des clients et les communications. L\u2019Entreprise est dot\u00e9e d\u2019un excellent service technique qui est toujours disponible \u00e0 soutenir soit les besoins du client, soit ceux des processus de production internes.\u00a0\u00bb<\/em>[\/vc_column_text][\/vc_column][vc_column width=\u00a0\u00bb1\/2&Prime;][vc_single_image image=\u00a0\u00bb2763&Prime; img_size=\u00a0\u00bb800&#215;435&Prime;]<div class=\"dt-shortcode with-isotope\"><div class=\"wf-container dt-albums-shortcode loading-effect-none iso-container description-under-image content-align-left\" data-padding=\"0px\" data-cur-page=\"1\" data-posts-per-page=\"-1\" data-width=\"370px\" data-columns=\"2\">\n<div class=\"wf-cell iso-item\" data-post-id=\"2811\" data-date=\"2018-07-09T14:30:12+02:00\" data-name=\"Video FR\">\n<article class=\"post post-2811 dt_gallery type-dt_gallery status-publish has-post-thumbnail hentry dt_gallery_category-video-fr dt_gallery_category-59\">\n\n\t<div class=\"project-list-media\">\n\t<figure class=\"buttons-on-img\">\n\t\t<a href=\"https:\/\/www.youtube.com\/watch?v=PRLJ5zjuuwA\" class=\"rollover rollover-zoom rollover-click-target dt-gallery-pswp\"   aria-label=\"Gallery image\" ><img loading=\"lazy\" decoding=\"async\" src=\"https:\/\/www.asscab.com\/assemblaggi\/wp-content\/uploads\/2018\/07\/video-asscab-4-555x325.jpg\" srcset=\"https:\/\/www.asscab.com\/assemblaggi\/wp-content\/uploads\/2018\/07\/video-asscab-4-555x325.jpg 555w, https:\/\/www.asscab.com\/assemblaggi\/wp-content\/uploads\/2018\/07\/video-asscab-4-1110x650.jpg 1110w\" style=\"--ratio: 555 \/ 325\" sizes=\"auto, (max-width: 555px) 100vw, 555px\" class=\"preload-me aspect\" alt=\"\"  width=\"555\" height=\"325\"  \/><\/a><div class=\"dt-gallery-container dt-album\"><a href=\"https:\/\/www.youtube.com\/watch?v=PRLJ5zjuuwA\" title=\"\" class=\"pswp-video dt-pswp-item\" data-large_image_width=\"1281\" data-large_image_height = \"749\" data-dt-img-description=\"\" data-dt-location=\"https:\/\/www.asscab.com\/fr\/video-asscab-3\/\"  aria-label=\"Gallery image\"><\/a><\/div>\t\t\t<\/figure>\n<\/div>\n<div class=\"project-list-content\">\n\t<\/div>\n<\/article>\n\n<\/div><\/div><\/div>[\/vc_column][\/vc_row][vc_row][vc_column][\/vc_column][\/vc_row][vc_row][vc_column]<div class=\"templatera_shortcode\"><div class=\"vc_row wpb_row vc_row-fluid\"><div class=\"wpb_column vc_column_container vc_col-sm-12\"><div class=\"vc_column-inner\"><div class=\"wpb_wrapper\"><div class=\"vc_empty_space\"   style=\"height: 20px\"><span class=\"vc_empty_space_inner\"><\/span><\/div><\/div><\/div><\/div><\/div><div data-vc-full-width=\"true\" data-vc-full-width-temp=\"true\" data-vc-full-width-init=\"false\" data-vc-stretch-content=\"true\" data-vc-parallax=\"1.5\" data-vc-parallax-image=\"https:\/\/www.asscab.com\/assemblaggi\/wp-content\/uploads\/2018\/05\/ASSCAB_foto-call-action.jpg\" class=\"vc_row wpb_row vc_row-fluid vc_row-has-fill vc_row-o-content-middle vc_row-flex vc_general vc_parallax vc_parallax-content-moving\"><div class=\"wpb_column vc_column_container vc_col-sm-12\"><div class=\"vc_column-inner\"><div class=\"wpb_wrapper\">\n\t<div class=\"wpb_raw_code wpb_raw_html wpb_content_element\" >\n\t\t<div class=\"wpb_wrapper\">\n\t\t\t<div class=\"call\">\n<h5>DEMANDEZ GRATUITEMENT UN DEVIS  <a href=\"https:\/\/www.asscab.com\/fr\/contatti\">CONTACTEZ-NOUS<\/a><\/h5>\n<\/div>\n\t\t<\/div>\n\t<\/div>\n<\/div><\/div><\/div><\/div><div class=\"vc_row-full-width vc_clearfix\"><\/div>\r\n<\/div>[\/vc_column][\/vc_row]<\/p>\n<\/div>","protected":false},"excerpt":{"rendered":"<p>L&rsquo;ENTREPRISE L\u2019histoire de l\u2019entreprise s\u2019appuie sur le professionnalisme et la qualit\u00e9 des produits. D\u00e9couvrez davantage sur ASSCAB et sur les certifications obtenues! Fond\u00e9e en 1995, ASSCAB travaille avec succ\u00e8s dans le secteur de l\u2019\u00e9lectronique industrielle et est sp\u00e9cialis\u00e9e dans la r\u00e9alisation de c\u00e2blages de tout type. En 2005 elle agrandit ses activit\u00e9s au secteur ferroviaire,&hellip;<\/p>\n","protected":false},"author":1,"featured_media":0,"parent":0,"menu_order":0,"comment_status":"closed","ping_status":"closed","template":"","meta":{"footnotes":""},"class_list":["post-2686","page","type-page","status-publish","hentry","description-off"],"yoast_head":"<!-- This site is optimized with the Yoast SEO plugin v26.5 - https:\/\/yoast.com\/wordpress\/plugins\/seo\/ -->\n<title>L&#039;Azienda | ASSCAB<\/title>\n<meta name=\"description\" content=\"Attiva dal 1995, ASSCAB opera nel settore dell\u2019Elettronica Industriale ed \u00e8 specializzata nella realizzazione di Cablaggi e Assemblaggi di ogni genere. Leggi di pi\u00f9 sulle Certificazioni ottenute da ASSCAB e sulla Storia dell\u2019Azienda.\" \/>\n<meta name=\"robots\" content=\"index, follow, max-snippet:-1, max-image-preview:large, max-video-preview:-1\" \/>\n<link rel=\"canonical\" href=\"https:\/\/www.asscab.com\/fr\/azienda-di-assemblaggio\/\" \/>\n<meta property=\"og:locale\" content=\"fr_FR\" \/>\n<meta property=\"og:type\" content=\"article\" \/>\n<meta property=\"og:title\" content=\"L&#039;Azienda | ASSCAB\" \/>\n<meta property=\"og:description\" content=\"Attiva dal 1995, ASSCAB opera nel settore dell\u2019Elettronica Industriale ed \u00e8 specializzata nella realizzazione di Cablaggi e Assemblaggi di ogni genere. Leggi di pi\u00f9 sulle Certificazioni ottenute da ASSCAB e sulla Storia dell\u2019Azienda.\" \/>\n<meta property=\"og:url\" content=\"https:\/\/www.asscab.com\/fr\/azienda-di-assemblaggio\/\" \/>\n<meta property=\"og:site_name\" content=\"Asscab | Leader nel cablaggio e assemblaggio\" \/>\n<meta property=\"article:modified_time\" content=\"2018-07-09T12:27:36+00:00\" \/>\n<meta property=\"og:image\" content=\"https:\/\/www.asscab.com\/assemblaggi\/wp-content\/uploads\/2015\/04\/asscab_leader_cablaggi.jpg\" \/>\n<meta name=\"twitter:card\" content=\"summary_large_image\" \/>\n<meta name=\"twitter:label1\" content=\"Dur\u00e9e de lecture estim\u00e9e\" \/>\n\t<meta name=\"twitter:data1\" content=\"2 minutes\" \/>\n<script type=\"application\/ld+json\" class=\"yoast-schema-graph\">{\"@context\":\"https:\/\/schema.org\",\"@graph\":[{\"@type\":\"WebPage\",\"@id\":\"https:\/\/www.asscab.com\/fr\/azienda-di-assemblaggio\/\",\"url\":\"https:\/\/www.asscab.com\/fr\/azienda-di-assemblaggio\/\",\"name\":\"L'Azienda | ASSCAB\",\"isPartOf\":{\"@id\":\"https:\/\/www.asscab.com\/#website\"},\"primaryImageOfPage\":{\"@id\":\"https:\/\/www.asscab.com\/fr\/azienda-di-assemblaggio\/#primaryimage\"},\"image\":{\"@id\":\"https:\/\/www.asscab.com\/fr\/azienda-di-assemblaggio\/#primaryimage\"},\"thumbnailUrl\":\"https:\/\/www.asscab.com\/assemblaggi\/wp-content\/uploads\/2015\/04\/asscab_leader_cablaggi.jpg\",\"datePublished\":\"2014-12-10T13:43:04+00:00\",\"dateModified\":\"2018-07-09T12:27:36+00:00\",\"description\":\"Attiva dal 1995, ASSCAB opera nel settore dell\u2019Elettronica Industriale ed \u00e8 specializzata nella realizzazione di Cablaggi e Assemblaggi di ogni genere. Leggi di pi\u00f9 sulle Certificazioni ottenute da ASSCAB e sulla Storia dell\u2019Azienda.\",\"breadcrumb\":{\"@id\":\"https:\/\/www.asscab.com\/fr\/azienda-di-assemblaggio\/#breadcrumb\"},\"inLanguage\":\"fr-FR\",\"potentialAction\":[{\"@type\":\"ReadAction\",\"target\":[\"https:\/\/www.asscab.com\/fr\/azienda-di-assemblaggio\/\"]}]},{\"@type\":\"ImageObject\",\"inLanguage\":\"fr-FR\",\"@id\":\"https:\/\/www.asscab.com\/fr\/azienda-di-assemblaggio\/#primaryimage\",\"url\":\"https:\/\/www.asscab.com\/assemblaggi\/wp-content\/uploads\/2015\/04\/asscab_leader_cablaggi.jpg\",\"contentUrl\":\"https:\/\/www.asscab.com\/assemblaggi\/wp-content\/uploads\/2015\/04\/asscab_leader_cablaggi.jpg\"},{\"@type\":\"BreadcrumbList\",\"@id\":\"https:\/\/www.asscab.com\/fr\/azienda-di-assemblaggio\/#breadcrumb\",\"itemListElement\":[{\"@type\":\"ListItem\",\"position\":1,\"name\":\"Home\",\"item\":\"https:\/\/www.asscab.com\/fr\/\"},{\"@type\":\"ListItem\",\"position\":2,\"name\":\"ENTREPRISE\"}]},{\"@type\":\"WebSite\",\"@id\":\"https:\/\/www.asscab.com\/#website\",\"url\":\"https:\/\/www.asscab.com\/\",\"name\":\"Asscab | Leader nel cablaggio e assemblaggio\",\"description\":\"\",\"potentialAction\":[{\"@type\":\"SearchAction\",\"target\":{\"@type\":\"EntryPoint\",\"urlTemplate\":\"https:\/\/www.asscab.com\/?s={search_term_string}\"},\"query-input\":{\"@type\":\"PropertyValueSpecification\",\"valueRequired\":true,\"valueName\":\"search_term_string\"}}],\"inLanguage\":\"fr-FR\"}]}<\/script>\n<!-- \/ Yoast SEO plugin. -->","yoast_head_json":{"title":"L'Azienda | ASSCAB","description":"Attiva dal 1995, ASSCAB opera nel settore dell\u2019Elettronica Industriale ed \u00e8 specializzata nella realizzazione di Cablaggi e Assemblaggi di ogni genere. Leggi di pi\u00f9 sulle Certificazioni ottenute da ASSCAB e sulla Storia dell\u2019Azienda.","robots":{"index":"index","follow":"follow","max-snippet":"max-snippet:-1","max-image-preview":"max-image-preview:large","max-video-preview":"max-video-preview:-1"},"canonical":"https:\/\/www.asscab.com\/fr\/azienda-di-assemblaggio\/","og_locale":"fr_FR","og_type":"article","og_title":"L'Azienda | ASSCAB","og_description":"Attiva dal 1995, ASSCAB opera nel settore dell\u2019Elettronica Industriale ed \u00e8 specializzata nella realizzazione di Cablaggi e Assemblaggi di ogni genere. Leggi di pi\u00f9 sulle Certificazioni ottenute da ASSCAB e sulla Storia dell\u2019Azienda.","og_url":"https:\/\/www.asscab.com\/fr\/azienda-di-assemblaggio\/","og_site_name":"Asscab | Leader nel cablaggio e assemblaggio","article_modified_time":"2018-07-09T12:27:36+00:00","og_image":[{"url":"https:\/\/www.asscab.com\/assemblaggi\/wp-content\/uploads\/2015\/04\/asscab_leader_cablaggi.jpg","type":"","width":"","height":""}],"twitter_card":"summary_large_image","twitter_misc":{"Dur\u00e9e de lecture estim\u00e9e":"2 minutes"},"schema":{"@context":"https:\/\/schema.org","@graph":[{"@type":"WebPage","@id":"https:\/\/www.asscab.com\/fr\/azienda-di-assemblaggio\/","url":"https:\/\/www.asscab.com\/fr\/azienda-di-assemblaggio\/","name":"L'Azienda | ASSCAB","isPartOf":{"@id":"https:\/\/www.asscab.com\/#website"},"primaryImageOfPage":{"@id":"https:\/\/www.asscab.com\/fr\/azienda-di-assemblaggio\/#primaryimage"},"image":{"@id":"https:\/\/www.asscab.com\/fr\/azienda-di-assemblaggio\/#primaryimage"},"thumbnailUrl":"https:\/\/www.asscab.com\/assemblaggi\/wp-content\/uploads\/2015\/04\/asscab_leader_cablaggi.jpg","datePublished":"2014-12-10T13:43:04+00:00","dateModified":"2018-07-09T12:27:36+00:00","description":"Attiva dal 1995, ASSCAB opera nel settore dell\u2019Elettronica Industriale ed \u00e8 specializzata nella realizzazione di Cablaggi e Assemblaggi di ogni genere. Leggi di pi\u00f9 sulle Certificazioni ottenute da ASSCAB e sulla Storia dell\u2019Azienda.","breadcrumb":{"@id":"https:\/\/www.asscab.com\/fr\/azienda-di-assemblaggio\/#breadcrumb"},"inLanguage":"fr-FR","potentialAction":[{"@type":"ReadAction","target":["https:\/\/www.asscab.com\/fr\/azienda-di-assemblaggio\/"]}]},{"@type":"ImageObject","inLanguage":"fr-FR","@id":"https:\/\/www.asscab.com\/fr\/azienda-di-assemblaggio\/#primaryimage","url":"https:\/\/www.asscab.com\/assemblaggi\/wp-content\/uploads\/2015\/04\/asscab_leader_cablaggi.jpg","contentUrl":"https:\/\/www.asscab.com\/assemblaggi\/wp-content\/uploads\/2015\/04\/asscab_leader_cablaggi.jpg"},{"@type":"BreadcrumbList","@id":"https:\/\/www.asscab.com\/fr\/azienda-di-assemblaggio\/#breadcrumb","itemListElement":[{"@type":"ListItem","position":1,"name":"Home","item":"https:\/\/www.asscab.com\/fr\/"},{"@type":"ListItem","position":2,"name":"ENTREPRISE"}]},{"@type":"WebSite","@id":"https:\/\/www.asscab.com\/#website","url":"https:\/\/www.asscab.com\/","name":"Asscab | Leader nel cablaggio e assemblaggio","description":"","potentialAction":[{"@type":"SearchAction","target":{"@type":"EntryPoint","urlTemplate":"https:\/\/www.asscab.com\/?s={search_term_string}"},"query-input":{"@type":"PropertyValueSpecification","valueRequired":true,"valueName":"search_term_string"}}],"inLanguage":"fr-FR"}]}},"_links":{"self":[{"href":"https:\/\/www.asscab.com\/fr\/wp-json\/wp\/v2\/pages\/2686","targetHints":{"allow":["GET"]}}],"collection":[{"href":"https:\/\/www.asscab.com\/fr\/wp-json\/wp\/v2\/pages"}],"about":[{"href":"https:\/\/www.asscab.com\/fr\/wp-json\/wp\/v2\/types\/page"}],"author":[{"embeddable":true,"href":"https:\/\/www.asscab.com\/fr\/wp-json\/wp\/v2\/users\/1"}],"replies":[{"embeddable":true,"href":"https:\/\/www.asscab.com\/fr\/wp-json\/wp\/v2\/comments?post=2686"}],"version-history":[{"count":9,"href":"https:\/\/www.asscab.com\/fr\/wp-json\/wp\/v2\/pages\/2686\/revisions"}],"predecessor-version":[{"id":2809,"href":"https:\/\/www.asscab.com\/fr\/wp-json\/wp\/v2\/pages\/2686\/revisions\/2809"}],"wp:attachment":[{"href":"https:\/\/www.asscab.com\/fr\/wp-json\/wp\/v2\/media?parent=2686"}],"curies":[{"name":"wp","href":"https:\/\/api.w.org\/{rel}","templated":true}]}}